{"id":8,"date":"2025-03-11T12:41:47","date_gmt":"2025-03-11T12:41:47","guid":{"rendered":"https:\/\/paykwik.redcrystalconsulting.co.za\/?page_id=8"},"modified":"2025-03-11T12:41:47","modified_gmt":"2025-03-11T12:41:47","slug":"paykwik","status":"publish","type":"page","link":"https:\/\/paykwik.redcrystalconsulting.co.za\/","title":{"rendered":"Paykwik"},"content":{"rendered":"<p><a href=\"https:\/\/www.paykwik.store\"><img loading=\"lazy\" decoding=\"async\" class=\"wp-image-9 aligncenter\" src=\"https:\/\/paykwik.redcrystalconsulting.co.za\/wp-content\/uploads\/2025\/03\/Skype_Picture_2025_02_21T09_51_22_036Z-300x237.jpeg\" alt=\"\" width=\"600\" height=\"474\" srcset=\"https:\/\/paykwik.redcrystalconsulting.co.za\/wp-content\/uploads\/2025\/03\/Skype_Picture_2025_02_21T09_51_22_036Z-300x237.jpeg 300w, https:\/\/paykwik.redcrystalconsulting.co.za\/wp-content\/uploads\/2025\/03\/Skype_Picture_2025_02_21T09_51_22_036Z-1024x809.jpeg 1024w, https:\/\/paykwik.redcrystalconsulting.co.za\/wp-content\/uploads\/2025\/03\/Skype_Picture_2025_02_21T09_51_22_036Z-768x607.jpeg 768w, https:\/\/paykwik.redcrystalconsulting.co.za\/wp-content\/uploads\/2025\/03\/Skype_Picture_2025_02_21T09_51_22_036Z.jpeg 1290w\" sizes=\"auto, (max-width: 600px) 100vw, 600px\" \/><\/a><\/p>\n<section class=\"av_textblock_section \">\n<div class=\"avia_textblock  \">\n<h2>Paykwik Bozum Nedir?<\/h2>\n<p><a href=\"https:\/\/www.paykwik.store\">Paykwik bozum<\/a> i\u015flemini yapmak i\u00e7in g\u00fcvenilir bir site se\u00e7melisiniz. G\u00fcvenilir siteler aras\u0131nda m\u00fc\u015fteri g\u00fcvenli\u011fini sa\u011flamak i\u00e7in, d\u00f6viz kurunu mevcut d\u00f6viz kurlar\u0131yla tamamlar. Paykwik de\u011fi\u015fim i\u015flemini sa\u011flamak i\u00e7in kodu ve \u015fifreyi m\u00fc\u015fterinin temsilcisine aktarman\u0131z yeterlidir. Bir m\u00fc\u015fteri temsilcisine g\u00f6nderilirse, i\u015flemler hemen ba\u015flayacakt\u0131r. \u0130\u015flem ba\u015flad\u0131ktan sonra para birka\u00e7 dakika i\u00e7inde m\u00fc\u015fterinin hesab\u0131na transfer edilir. Bu g\u00fcvenli de\u011fi\u015fim i\u015flemini tamamlar ve bakiye tutar\u0131n\u0131 \u00f6der. De\u011fi\u015fim s\u0131ras\u0131nda dengeyi dikkatlice kontrol etmeli ve mevcut d\u00f6viz kurunu kontrol etmelisiniz. Bunu yapmamak, eksik \u00f6deme ile sonu\u00e7lanacakt\u0131r.<\/p>\n<h2>Paykwik Bozdurma \u0130\u015flemi Nas\u0131l Yap\u0131l\u0131r?<\/h2>\n<p>Bozdurma i\u015flemini yapmak i\u00e7in \u00f6ncelikle kart bilgilerini m\u00fc\u015fteri temsilcisine iletmek gerekir.\u00a0 Kay\u0131t i\u015flemi tamamland\u0131ktan sonra m\u00fc\u015fteri temsilcisine bilgilerin verilmesi gerekmektedir. Bilgiler verildi\u011fi taktirde bozdurma i\u015flemi ba\u015flar. Bozdurma i\u015fleminin ba\u015flamas\u0131ndan sonra m\u00fc\u015fterinin sadece arkas\u0131na yaslan\u0131p, \u00f6demenin hesaba ge\u00e7mesini beklemesi gerekir. \u00d6demenin hesaba ge\u00e7mesi dakikalar i\u00e7erisinde ger\u00e7ekle\u015fiyor. B\u00f6ylelikle uzun bir s\u00fcre beklemeye gerek kalm\u0131yor ve ki\u015fi bozdurma i\u015flemini tamamlayabiliyor. \u0130\u015flemin bu kadar basit ger\u00e7ekle\u015fmesi, zaman harcatmamas\u0131 insanlar\u0131n ekstra zaman ay\u0131rmas\u0131n\u0131 gerektirmiyor. \u0130\u015flemi g\u00fcvenilir bir site \u00fczerinden yapmak da dikkat edilmesi gereken durumlar aras\u0131ndad\u0131r.<\/p>\n<div class=\"vc_row wpb_row vc_inner vc_row-fluid\">\n<div class=\"wpb_column vc_column_container vc_col-sm-12\">\n<div class=\"vc_column-inner \">\n<div class=\"wpb_wrapper\">\n<div class=\"wpb_text_column wpb_content_element \">\n<div class=\"wpb_wrapper\">\n<p>Bozdurma i\u015flemini yapmak i\u00e7in kart bilgisinin verilmesi yeterli olacakt\u0131r. Ekstra bir bilgi vermeye gerek kalmamas\u0131, kart\u0131n kullan\u0131lmas\u0131n\u0131 sa\u011flayan fakt\u00f6rler aras\u0131ndad\u0131r.\u00a0 Son zamanlar\u0131n en g\u00fcvenilir \u00f6deme sistemi olmas\u0131, h\u0131zl\u0131 bir \u015fekilde i\u015flemlerinin tamamlanabilmesi, bir\u00e7ok ki\u015finin kart\u0131 kullanmas\u0131na sebebiyet vermektedir. Kart\u0131n kullan\u0131lmas\u0131n\u0131 sa\u011flayan bir di\u011fer unsur ise \u00f6deme ve bozdurma esnas\u0131nda ki\u015fisel bilgi vermek gibi durumlar\u0131n olmamas\u0131d\u0131r. Ki\u015fi \u00f6demesini istedi\u011fi hesaba aktarabilmektedir. Hesaba aktar\u0131m esnas\u0131nda uzun bir s\u00fcrece gerek kalm\u0131yor. G\u00fcvenilir bir site tercih edildi\u011fi s\u00fcrece \u00f6demenin h\u0131zl\u0131 bir \u015fekilde ger\u00e7ekle\u015fmesi s\u00f6z konusu oluyor.<\/p>\n<\/div>\n<\/div>\n<\/div>\n<\/div>\n<\/div>\n<\/div>\n<\/div>\n<\/section>\n","protected":false},"excerpt":{"rendered":"<p>Paykwik Bozum Nedir? Paykwik bozum i\u015flemini yapmak i\u00e7in g\u00fcvenilir bir site se\u00e7melisiniz. G\u00fcvenilir siteler aras\u0131nda&hellip;<\/p>\n","protected":false},"author":1,"featured_media":0,"parent":0,"menu_order":0,"comment_status":"closed","ping_status":"closed","template":"","meta":{"footnotes":""},"class_list":["post-8","page","type-page","status-publish","hentry"],"_links":{"self":[{"href":"https:\/\/paykwik.redcrystalconsulting.co.za\/index.php\/wp-json\/wp\/v2\/pages\/8","targetHints":{"allow":["GET"]}}],"collection":[{"href":"https:\/\/paykwik.redcrystalconsulting.co.za\/index.php\/wp-json\/wp\/v2\/pages"}],"about":[{"href":"https:\/\/paykwik.redcrystalconsulting.co.za\/index.php\/wp-json\/wp\/v2\/types\/page"}],"author":[{"embeddable":true,"href":"https:\/\/paykwik.redcrystalconsulting.co.za\/index.php\/wp-json\/wp\/v2\/users\/1"}],"replies":[{"embeddable":true,"href":"https:\/\/paykwik.redcrystalconsulting.co.za\/index.php\/wp-json\/wp\/v2\/comments?post=8"}],"version-history":[{"count":1,"href":"https:\/\/paykwik.redcrystalconsulting.co.za\/index.php\/wp-json\/wp\/v2\/pages\/8\/revisions"}],"predecessor-version":[{"id":10,"href":"https:\/\/paykwik.redcrystalconsulting.co.za\/index.php\/wp-json\/wp\/v2\/pages\/8\/revisions\/10"}],"wp:attachment":[{"href":"https:\/\/paykwik.redcrystalconsulting.co.za\/index.php\/wp-json\/wp\/v2\/media?parent=8"}],"curies":[{"name":"wp","href":"https:\/\/api.w.org\/{rel}","templated":true}]}}